{"id":82,"date":"2025-02-14T17:25:02","date_gmt":"2025-02-14T16:25:02","guid":{"rendered":"http:\/\/www.beaunetranslations.com\/?page_id=82"},"modified":"2025-03-20T10:54:10","modified_gmt":"2025-03-20T09:54:10","slug":"traductions-et-interpretation-de-liaison-techniques","status":"publish","type":"page","link":"https:\/\/www.beaunetranslations.com\/index.php\/traductions-et-interpretation-de-liaison-techniques\/","title":{"rendered":"Traduction et interpr\u00e9tation de liaison techniques"},"content":{"rendered":"\n<p><\/p>\n\n\n\n<p><\/p>\n\n\n\n<p><\/p>\n\n\n\n<div class=\"wp-block-group alignfull has-global-padding is-layout-constrained wp-container-core-group-is-layout-490fa1db wp-block-group-is-layout-constrained\" style=\"padding-top:var(--wp--preset--spacing--50);padding-right:var(--wp--preset--spacing--50);padding-bottom:var(--wp--preset--spacing--50);padding-left:var(--wp--preset--spacing--50)\">\n<div class=\"wp-block-group has-global-padding is-layout-constrained wp-container-core-group-is-layout-650790e1 wp-block-group-is-layout-constrained\">\n<h1 class=\"wp-block-heading has-text-align-center has-x-large-font-size\">Bienvenue !<\/h1>\n\n\n\n<div style=\"height:1.25rem\" aria-hidden=\"true\" class=\"wp-block-spacer\"><\/div>\n\n\n\n<p class=\"has-text-align-center\">Vous avez besoin de traductions<br>du fran\u00e7ais ou de l\u2019anglais vers l\u2019allemand ?<\/p>\n\n\n\n<div style=\"height:1.25rem\" aria-hidden=\"true\" class=\"wp-block-spacer\"><\/div>\n\n\n\n<p><\/p>\n\n\n\n<p class=\"has-text-align-center\">Vous cherchez une interpr\u00e8te de liaison&nbsp;<br>pour vos \u00e9changes techniques ?<\/p>\n\n\n\n<p><\/p>\n<\/div>\n\n\n\n<p class=\"has-text-align-center\"><a href=\"http:\/\/www.beaunetranslations.com\/index.php\/contact\/\" data-type=\"page\" data-id=\"87\"><strong>Contactez-moi !<\/strong><\/a><\/p>\n\n\n\n<p><\/p>\n\n\n\n<p class=\"has-text-align-center\">Je suis \u00e0 votre disposition pour tout renseignement et <br>l&rsquo;\u00e9tablissement d&rsquo;un devis.<\/p>\n\n\n\n<div class=\"wp-block-group has-global-padding is-layout-constrained wp-container-core-group-is-layout-650790e1 wp-block-group-is-layout-constrained\">\n<div style=\"height:1.25rem\" aria-hidden=\"true\" class=\"wp-block-spacer\"><\/div>\n\n\n\n<div class=\"wp-block-buttons is-content-justification-center is-layout-flex wp-container-core-buttons-is-layout-a89b3969 wp-block-buttons-is-layout-flex\"><\/div>\n<\/div>\n\n\n\n<div style=\"height:var(--wp--preset--spacing--30)\" aria-hidden=\"true\" class=\"wp-block-spacer\"><\/div>\n<\/div>\n\n\n\n<div class=\"wp-block-group alignfull has-base-2-background-color has-background has-global-padding is-layout-constrained wp-container-core-group-is-layout-669513ed wp-block-group-is-layout-constrained\" style=\"margin-top:0;margin-bottom:0;padding-top:var(--wp--preset--spacing--50);padding-right:var(--wp--preset--spacing--50);padding-bottom:var(--wp--preset--spacing--50);padding-left:var(--wp--preset--spacing--50)\">\n<div class=\"wp-block-group is-vertical is-content-justification-center is-layout-flex wp-container-core-group-is-layout-52b864f0 wp-block-group-is-layout-flex\">\n<h2 class=\"wp-block-heading has-text-align-center is-style-asterisk\"><strong>Mes sp\u00e9cialisations sont :<\/strong><\/h2>\n\n\n\n<div style=\"height:0px\" aria-hidden=\"true\" class=\"wp-block-spacer wp-container-content-4f2ccadb\"><\/div>\n\n\n\n<p class=\"has-text-align-left\">\u2022 Syst\u00e8mes \u00e9lectrotechniques<br>\u2022 Syst\u00e8mes m\u00e9caniques<br>\u2022 Automobile<br>\u2022 Machines agricoles<br>\u2022 Motoculture<br>\u2022 Fabrication de verre plat<br>\u2022 GMAO<\/p>\n<\/div>\n\n\n\n<div style=\"margin-top:0;margin-bottom:0;height:var(--wp--preset--spacing--40)\" aria-hidden=\"true\" class=\"wp-block-spacer\"><\/div>\n\n\n\n<div style=\"height:var(--wp--preset--spacing--20)\" aria-hidden=\"true\" class=\"wp-block-spacer\"><\/div>\n<\/div>\n\n\n\n<div class=\"wp-block-group alignfull has-global-padding is-layout-constrained wp-container-core-group-is-layout-d89aad35 wp-block-group-is-layout-constrained\" style=\"margin-top:0;margin-bottom:0;padding-top:var(--wp--preset--spacing--50);padding-right:var(--wp--preset--spacing--50);padding-bottom:var(--wp--preset--spacing--50);padding-left:var(--wp--preset--spacing--50)\">\n<div class=\"wp-block-group alignwide has-global-padding is-layout-constrained wp-container-core-group-is-layout-19e250f3 wp-block-group-is-layout-constrained\">\n<div class=\"wp-block-group is-vertical is-content-justification-center is-layout-flex wp-container-core-group-is-layout-6329a8f3 wp-block-group-is-layout-flex\">\n<h2 class=\"wp-block-heading has-text-align-center is-style-asterisk\"><strong>Mes prestations se distinguent par :<\/strong><\/h2>\n\n\n\n<p class=\"has-text-align-left\">\u2022 L\u2019implication active dans le processus complet de la r\u00e9alisation des<br>&nbsp; &nbsp;projets, depuis la prise de contact jusqu\u2019\u00e0 leur finalisation<br>\u2022 La r\u00e9daction d\u2019un texte fluide adapt\u00e9 \u00e0 l\u2019\u00e9volution actuelle de la langue<br>&nbsp; &nbsp;cible et \u00e0 la destination de la traduction<br>\u2022 La consultation du donneur d\u2019ordre en cas de questions sp\u00e9cifiques au<br>&nbsp; &nbsp;projet<br>\u2022 L\u2019utilisation d\u2019un vocabulaire technique adapt\u00e9 et homog\u00e8ne et&nbsp;<br>&nbsp; &nbsp;l\u2019int\u00e9gration de la terminologie sp\u00e9cifique \u00e0 l\u2019entreprise cliente<br>\u2022 La relecture minutieuse de la traduction avant livraison<br>\u2022 Le respect des d\u00e9lais de livraison<\/p>\n<\/div>\n\n\n\n<div style=\"height:var(--wp--preset--spacing--40)\" aria-hidden=\"true\" class=\"wp-block-spacer\"><\/div>\n\n\n\n<div style=\"height:var(--wp--preset--spacing--40)\" aria-hidden=\"true\" class=\"wp-block-spacer\"><\/div>\n<\/div>\n<\/div>\n\n\n\n<div class=\"wp-block-group alignfull has-base-2-background-color has-background has-global-padding is-layout-constrained wp-container-core-group-is-layout-669513ed wp-block-group-is-layout-constrained\" style=\"margin-top:0;margin-bottom:0;padding-top:var(--wp--preset--spacing--50);padding-right:var(--wp--preset--spacing--50);padding-bottom:var(--wp--preset--spacing--50);padding-left:var(--wp--preset--spacing--50)\">\n<div class=\"wp-block-group is-vertical is-content-justification-center is-layout-flex wp-container-core-group-is-layout-52b864f0 wp-block-group-is-layout-flex\">\n<h2 class=\"wp-block-heading has-text-align-center is-style-asterisk\"><strong><strong>Mes comp\u00e9tences se basent sur :<\/strong><\/strong><\/h2>\n\n\n\n<div style=\"height:0px\" aria-hidden=\"true\" class=\"wp-block-spacer wp-container-content-4f2ccadb\"><\/div>\n\n\n\n<p class=\"has-text-align-left\">\u2022 Une formation universitaire sp\u00e9cialis\u00e9e et ax\u00e9e aussi bien sur les<br>&nbsp; &nbsp;comp\u00e9tences linguistiques que techniques<br>\u2022 Une exp\u00e9rience de plusieurs ann\u00e9es en tant que traductrice&nbsp;<br>&nbsp; &nbsp;professionnelle et au sein d\u2019une \u00e9quipe d\u2019ing\u00e9nieurs internationale<\/p>\n<\/div>\n\n\n\n<div style=\"margin-top:0;margin-bottom:0;height:var(--wp--preset--spacing--40)\" aria-hidden=\"true\" class=\"wp-block-spacer\"><\/div>\n\n\n\n<div style=\"height:var(--wp--preset--spacing--20)\" aria-hidden=\"true\" class=\"wp-block-spacer\"><\/div>\n<\/div>\n\n\n\n<div class=\"wp-block-group alignfull has-global-padding is-layout-constrained wp-container-core-group-is-layout-d89aad35 wp-block-group-is-layout-constrained\" style=\"margin-top:0;margin-bottom:0;padding-top:var(--wp--preset--spacing--50);padding-right:var(--wp--preset--spacing--50);padding-bottom:var(--wp--preset--spacing--50);padding-left:var(--wp--preset--spacing--50)\">\n<div class=\"wp-block-group alignwide has-global-padding is-layout-constrained wp-container-core-group-is-layout-19e250f3 wp-block-group-is-layout-constrained\">\n<div class=\"wp-block-group is-vertical is-content-justification-center is-layout-flex wp-container-core-group-is-layout-6329a8f3 wp-block-group-is-layout-flex\">\n<h2 class=\"wp-block-heading has-text-align-center is-style-asterisk\"><strong><strong>Mon \u00e9quipement informatique comprend :<\/strong><\/strong><\/h2>\n\n\n\n<p class=\"has-text-align-left\">\u2022 Un syst\u00e8me performant et s\u00e9curis\u00e9 contre d\u2019\u00e9ventuelles pertes de<br>&nbsp; &nbsp;donn\u00e9es<br>\u2022 Les applications courantes ainsi qu\u2019un logiciel de traduction assist\u00e9e&nbsp;<br>&nbsp; &nbsp;par ordinateur<\/p>\n<\/div>\n\n\n\n<div style=\"height:var(--wp--preset--spacing--40)\" aria-hidden=\"true\" class=\"wp-block-spacer\"><\/div>\n\n\n\n<div style=\"height:var(--wp--preset--spacing--40)\" aria-hidden=\"true\" class=\"wp-block-spacer\"><\/div>\n<\/div>\n<\/div>\n\n\n\n<p><\/p>\n\n\n\n<div class=\"wp-block-group alignfull has-global-padding is-layout-constrained wp-container-core-group-is-layout-d89aad35 wp-block-group-is-layout-constrained\" style=\"margin-top:0;margin-bottom:0;padding-top:var(--wp--preset--spacing--50);padding-right:var(--wp--preset--spacing--50);padding-bottom:var(--wp--preset--spacing--50);padding-left:var(--wp--preset--spacing--50)\">\n<div class=\"wp-block-group alignwide has-global-padding is-layout-constrained wp-block-group-is-layout-constrained\">\n<div class=\"wp-block-query alignwide is-layout-flow wp-block-query-is-layout-flow\">\n<div style=\"height:var(--wp--preset--spacing--30)\" aria-hidden=\"true\" class=\"wp-block-spacer\"><\/div>\n\n\n\n\n<div class=\"wp-block-query-no-results\">\n\n<p><\/p>\n\n<\/div><\/div>\n<\/div>\n<\/div>\n\n\n\n<div class=\"wp-block-group alignfull has-global-padding is-layout-constrained wp-container-core-group-is-layout-d89aad35 wp-block-group-is-layout-constrained\" style=\"margin-top:0;margin-bottom:0;padding-top:var(--wp--preset--spacing--50);padding-right:var(--wp--preset--spacing--50);padding-bottom:var(--wp--preset--spacing--50);padding-left:var(--wp--preset--spacing--50)\"><\/div>\n","protected":false},"excerpt":{"rendered":"<p>Bienvenue ! Vous avez besoin de traductionsdu fran\u00e7ais ou de l\u2019anglais vers l\u2019allemand ? Vous cherchez une interpr\u00e8te de liaison&nbsp;pour vos \u00e9changes techniques ? Contactez-moi ! Je suis \u00e0 votre disposition pour tout renseignement et l&rsquo;\u00e9tablissement d&rsquo;un devis. Mes sp\u00e9cialisations sont : \u2022 Syst\u00e8mes \u00e9lectrotechniques\u2022 Syst\u00e8mes m\u00e9caniques\u2022 Automobile\u2022 Machines agricoles\u2022 Motoculture\u2022 Fabrication de verre plat\u2022 [&hellip;]<\/p>\n","protected":false},"author":1,"featured_media":0,"parent":0,"menu_order":0,"comment_status":"closed","ping_status":"closed","template":"","meta":{"footnotes":""},"class_list":["post-82","page","type-page","status-publish","hentry"],"_links":{"self":[{"href":"https:\/\/www.beaunetranslations.com\/index.php\/wp-json\/wp\/v2\/pages\/82","targetHints":{"allow":["GET"]}}],"collection":[{"href":"https:\/\/www.beaunetranslations.com\/index.php\/wp-json\/wp\/v2\/pages"}],"about":[{"href":"https:\/\/www.beaunetranslations.com\/index.php\/wp-json\/wp\/v2\/types\/page"}],"author":[{"embeddable":true,"href":"https:\/\/www.beaunetranslations.com\/index.php\/wp-json\/wp\/v2\/users\/1"}],"replies":[{"embeddable":true,"href":"https:\/\/www.beaunetranslations.com\/index.php\/wp-json\/wp\/v2\/comments?post=82"}],"version-history":[{"count":7,"href":"https:\/\/www.beaunetranslations.com\/index.php\/wp-json\/wp\/v2\/pages\/82\/revisions"}],"predecessor-version":[{"id":103,"href":"https:\/\/www.beaunetranslations.com\/index.php\/wp-json\/wp\/v2\/pages\/82\/revisions\/103"}],"wp:attachment":[{"href":"https:\/\/www.beaunetranslations.com\/index.php\/wp-json\/wp\/v2\/media?parent=82"}],"curies":[{"name":"wp","href":"https:\/\/api.w.org\/{rel}","templated":true}]}}